{"id":851,"date":"2010-09-28T08:10:41","date_gmt":"2010-09-28T07:10:41","guid":{"rendered":"http:\/\/petaos.net\/?page_id=851"},"modified":"2022-03-16T09:52:07","modified_gmt":"2022-03-16T08:52:07","slug":"biografias-discografias","status":"publish","type":"page","link":"https:\/\/www.manologarciaycia.com\/?page_id=851","title":{"rendered":"y Compa\u00f1\u00eda (Otros artistas del Universo Garc\u00eda)"},"content":{"rendered":"<p><center><strong>LOS R\u00c1PIDOS<\/strong><\/p>\n<div style=\"height: 135px; width: 250px; background-image: url('\/wp-content\/uploads\/2014\/04\/los-rapidos.jpg');\">\n<div style=\"position: relative; height: 24px; top: 0; background: rgba(0, 0, 0, 0.4);\"><a style=\"color: #ffffff; text-decoration: none; font-weight: bold; vertical-align: middle;\" href=\"\/?page_id=9534\">Biograf\u00eda<\/a><\/div>\n<div style=\"position: relative; height: 24px; top: 94px; background: rgba(0, 0, 0, 0.4);\"><a style=\"color: #ffffff; text-decoration: none; font-weight: bold; vertical-align: middle;\" href=\"\/?page_id=18649&amp;artista=LR\">Discograf\u00eda<\/a><\/div>\n<\/div>\n<p><\/center><\/p>\n<p><center><strong style=\"font-size: revert; color: initial;\">LOS BURROS<\/strong><\/p>\n<p><\/center><center><\/p>\n<div style=\"height: 135px; width: 250px; background-image: url('https:\/\/preproduccion.manologarciaycia.com\/wp-content\/uploads\/2014\/04\/burros-250x135.jpg');\">\n<div style=\"position: relative; height: 24px; top: 0; background: rgba(0, 0, 0, 0.4);\"><a style=\"color: #ffffff; text-decoration: none; font-weight: bold; vertical-align: middle;\" href=\"https:\/\/preproduccion.manologarciaycia.com\/?page_id=9514\">Biograf\u00eda<\/a><\/div>\n<div style=\"position: relative; height: 24px; top: 94px; background: rgba(0, 0, 0, 0.4);\"><a style=\"color: #ffffff; text-decoration: none; font-weight: bold; vertical-align: middle;\" href=\"https:\/\/preproduccion.manologarciaycia.com\/?page_id=18649&amp;artista=LB\">Discograf\u00eda<\/a><\/div>\n<\/div>\n<p><\/center><center><strong>EL \u00daLTIMO DE LA FILA<\/strong><\/p>\n<div style=\"height: 135px; width: 250px; background-image: url('https:\/\/preproduccion.manologarciaycia.com\/wp-content\/uploads\/2013\/01\/eudlf_bd-250x135.jpg');\">\n<div style=\"position: relative; height: 24px; top: 0; background: rgba(0, 0, 0, 0.4);\"><a style=\"color: #ffffff; text-decoration: none; font-weight: bold; vertical-align: middle;\" href=\"https:\/\/preproduccion.manologarciaycia.com\/?page_id=5286\">Biograf\u00eda<\/a><\/div>\n<div style=\"position: relative; height: 24px; top: 94px; background: rgba(0, 0, 0, 0.4);\"><a style=\"color: #ffffff; text-decoration: none; font-weight: bold; vertical-align: middle;\" href=\"https:\/\/preproduccion.manologarciaycia.com\/?page_id=18649&amp;artista=EU\">Discograf\u00eda<\/a><\/div>\n<\/div>\n<p><\/center><center><strong>MANOLO GARC\u00cdA<\/strong><\/p>\n<div style=\"height: 135px; width: 250px; background-image: url('https:\/\/preproduccion.manologarciaycia.com\/wp-content\/uploads\/2013\/01\/mg_bd-250x135.jpg');\">\n<div style=\"position: relative; height: 24px; top: 0; background: rgba(0, 0, 0, 0.4);\"><a style=\"color: #ffffff; text-decoration: none; font-weight: bold; vertical-align: middle;\" href=\"https:\/\/preproduccion.manologarciaycia.com\/?page_id=816\">Biograf\u00eda<\/a><\/div>\n<div style=\"position: relative; height: 24px; top: 94px; background: rgba(0, 0, 0, 0.4);\"><a style=\"color: #ffffff; text-decoration: none; font-weight: bold; vertical-align: middle;\" href=\"https:\/\/preproduccion.manologarciaycia.com\/?page_id=18649&amp;artista=MG\">Discograf\u00eda<\/a><\/div>\n<\/div>\n<p><\/center><center><strong>QUIMI PORTET<\/strong><\/p>\n<div style=\"height: 135px; width: 250px; background-image: url('https:\/\/preproduccion.manologarciaycia.com\/wp-content\/uploads\/2010\/09\/quimi_bd-250x135.jpg');\">\n<div style=\"position: relative; height: 24px; top: 0; background: rgba(0, 0, 0, 0.4);\"><a style=\"color: #ffffff; text-decoration: none; font-weight: bold; vertical-align: middle;\" href=\"https:\/\/preproduccion.manologarciaycia.com\/?page_id=4418\">Biograf\u00eda<\/a><\/div>\n<div style=\"position: relative; height: 24px; top: 94px; background: rgba(0, 0, 0, 0.4);\"><a style=\"color: #ffffff; text-decoration: none; font-weight: bold; vertical-align: middle;\" href=\"https:\/\/preproduccion.manologarciaycia.com\/?page_id=18649&amp;artista=QP\">Discograf\u00eda<\/a><\/div>\n<\/div>\n<p><\/center><center><strong>CARMEN GARC\u00cdA<\/strong><\/p>\n<div style=\"height: 135px; width: 250px; background-image: url('https:\/\/preproduccion.manologarciaycia.com\/wp-content\/uploads\/2010\/09\/mc_bd-250x135.jpg');\">\n<div style=\"position: relative; height: 24px; top: 0; background: rgba(0, 0, 0, 0.4);\"><a style=\"color: #ffffff; text-decoration: none; font-weight: bold; vertical-align: middle;\" href=\"https:\/\/preproduccion.manologarciaycia.com\/?page_id=4429\">Biograf\u00eda<\/a><\/div>\n<div style=\"position: relative; height: 24px; top: 94px; background: rgba(0, 0, 0, 0.4);\"><a style=\"color: #ffffff; text-decoration: none; font-weight: bold; vertical-align: middle;\" href=\"https:\/\/preproduccion.manologarciaycia.com\/?page_id=18649&amp;artista=CG\">Discograf\u00eda<\/a><\/div>\n<\/div>\n<p><\/center><\/p>\n","protected":false},"excerpt":{"rendered":"<p>LOS R\u00c1PIDOS Biograf\u00eda Discograf\u00eda LOS BURROS Biograf\u00eda Discograf\u00eda EL \u00daLTIMO DE LA FILA Biograf\u00eda Discograf\u00eda MANOLO GARC\u00cdA Biograf\u00eda Discograf\u00eda QUIMI PORTET Biograf\u00eda Discograf\u00eda CARMEN GARC\u00cdA Biograf\u00eda Discograf\u00eda<a class=\"moretag\" href=\"https:\/\/www.manologarciaycia.com\/?page_id=851\" title=\"y Compa\u00f1\u00eda (Otros artistas del Universo Garc\u00eda)\" target=\"_self\" rel=\"follow\"> <font face=arial size=2>[Leer m\u00e1s]<\/font> <\/a><\/p>\n","protected":false},"author":2,"featured_media":0,"parent":0,"menu_order":3,"comment_status":"closed","ping_status":"closed","template":"","meta":{"footnotes":""},"class_list":["post-851","page","type-page","status-publish","hentry"],"_links":{"self":[{"href":"https:\/\/www.manologarciaycia.com\/index.php?rest_route=\/wp\/v2\/pages\/851","targetHints":{"allow":["GET"]}}],"collection":[{"href":"https:\/\/www.manologarciaycia.com\/index.php?rest_route=\/wp\/v2\/pages"}],"about":[{"href":"https:\/\/www.manologarciaycia.com\/index.php?rest_route=\/wp\/v2\/types\/page"}],"author":[{"embeddable":true,"href":"https:\/\/www.manologarciaycia.com\/index.php?rest_route=\/wp\/v2\/users\/2"}],"replies":[{"embeddable":true,"href":"https:\/\/www.manologarciaycia.com\/index.php?rest_route=%2Fwp%2Fv2%2Fcomments&post=851"}],"version-history":[{"count":322,"href":"https:\/\/www.manologarciaycia.com\/index.php?rest_route=\/wp\/v2\/pages\/851\/revisions"}],"predecessor-version":[{"id":22522,"href":"https:\/\/www.manologarciaycia.com\/index.php?rest_route=\/wp\/v2\/pages\/851\/revisions\/22522"}],"wp:attachment":[{"href":"https:\/\/www.manologarciaycia.com\/index.php?rest_route=%2Fwp%2Fv2%2Fmedia&parent=851"}],"curies":[{"name":"wp","href":"https:\/\/api.w.org\/{rel}","templated":true}]}}