{"id":816,"date":"2009-09-27T09:36:06","date_gmt":"2009-09-27T07:36:06","guid":{"rendered":"http:\/\/petaos.net\/?page_id=816"},"modified":"2022-03-16T09:43:09","modified_gmt":"2022-03-16T08:43:09","slug":"bio-manolo-garcia","status":"publish","type":"page","link":"https:\/\/www.manologarciaycia.com\/?page_id=816","title":{"rendered":"BIOgraf\u00eda de Manolo Garc\u00eda"},"content":{"rendered":"<div id=\"biografia\">\n<p>Manolo Garc\u00eda es un artista que refleja las mejores cualidades de la m\u00fasica espa\u00f1ola. Desde que comenz\u00f3 su carrera hace 30 a\u00f1os en bandas alternativas, la defensa de una ra\u00edz hispana junto al compromiso y la altura po\u00e9tica de sus textos marcan una trayectoria libre y alejada de lo convencional, a pesar de la enorme trascendencia popular y medi\u00e1tica de su obra, que se refleja en los 30 Discos de Platino conseguidos en una carrera en solitario que comenz\u00f3 en 1998.<\/p>\n<div class=\"gallery\" id=\"gallery-bio1\">\n<div class=\"gallery-item\"><a href=\"\/images\/mg\/bio\/MG - Bio - 1.jpg\"><img loading=\"lazy\" decoding=\"async\" class=\"alignright\" alt=\"MG - Bio - 1\" src=\"\/images\/mg\/bio\/MG - Bio - 1.jpg\" width=\"435\" height=\"255\" \/><\/a><\/div>\n<\/div>\n<p>Compositor de m\u00fasicas y letras de todas sus canciones y productor y arreglista de todos sus \u00e1lbumes, Manolo Garc\u00eda sostiene su m\u00fasica sobre una ra\u00edz sure\u00f1a y mediterr\u00e1nea, con la fuerza y la energ\u00eda del rock mestizo, siempre a pie de calle. Su compromiso mira hacia la utop\u00eda, la solidaridad y la libertad. Las letras de sus canciones, l\u00edricas con aromas surrealistas, refuerzan estos valores ofreciendo la posibilidad de lecturas abiertas, siempre de manera luminosa y positiva. Alejado del ripio y excelente narrador de historias cotidianas, Manolo Garc\u00eda ha sido capaz de atraer a un p\u00fablico masivo rompiendo las fronteras, abogando por una comunicaci\u00f3n estrictamente art\u00edstica, sostenida en el respeto por los valores humanos y una irreductible dignidad musical.<\/p>\n<p>Las canciones de Manolo Garc\u00eda se dirigen a la persona sin dogmatizar, siguiendo a Cavafis y a Machado en la importancia del viaje y degustando el valor de las cosas peque\u00f1as, de la artesan\u00eda aplicada a la m\u00fasica. Por encima de los millones de discos vendidos en Espa\u00f1a en las tres d\u00e9cadas de su carrera, en solitario o como miembro del d\u00fao <em>El \u00daltimo de la Fila<\/em>, Manolo Garc\u00eda siempre ha dado una importancia fundamental a los conciertos en directo, con extensas giras marcadas por su entrega en escena con una energ\u00eda y un poder de comunicaci\u00f3n excepcionales.<\/p>\n<p>A lo largo de su trayectoria, Manolo Garc\u00eda ha vendido m\u00e1s de 25 millones de ejemplares de sus cuatro discos de estudio en solitario y otros tantos con los siete \u00e1lbumes publicados, junto a Quimi Portet, con <em>El \u00daltimo de la Fila<\/em>. Entre los premios m\u00e1s destacados conseguidos en su carrera como solista est\u00e1n: Premio Ondas al Mejor Artista o Grupo Espa\u00f1ol (2004), Premio Amigo al Mejor \u00c1lbum Espa\u00f1ol por <em>Nunca el tiempo es perdido<\/em> (2001), Premio Amigo al Mejor Solista Masculino Espa\u00f1ol (2001), Premio de la M\u00fasica al Mejor \u00c1lbum Pop por <em>Nunca el tiempo es perdido<\/em> (2001), Premio Ondas Especial por su contribuci\u00f3n al pop espa\u00f1ol (2001), Premio Ondas al Mejor Artista en Directo (1998), Premio de la M\u00fasica al Mejor Artista Pop (1998), Premio de la M\u00fasica al Mejor \u00c1lbum por <em>Arena en los bolsillos<\/em> (1998), Premio de la M\u00fasica al Mejor Productor Art\u00edstico (1998), Premio Amigo al Mejor \u00c1lbum Espa\u00f1ol por <em>Arena en los bolsillos<\/em> (1998) y Premio Amigo al Mejor Solista Masculino Espa\u00f1ol (1998).<\/p>\n<div class=\"gallery\" id=\"gallery-bio2\">\n<div class=\"gallery-item\"><a href=\"\/images\/mg\/bio\/MG - Bio - 4.jpg\"><img loading=\"lazy\" decoding=\"async\" class=\"alignleft\" alt=\"MG - Bio - 4\" src=\"\/images\/mg\/bio\/MG - Bio - 4.jpg\" width=\"279\" height=\"403\" \/><\/a><\/div>\n<\/div>\n<p>En solitario, Manolo Garc\u00eda ha publicado cuatro \u00e1lbumes de estudio: <em>Arena en los bolsillos<\/em> (1998), <em>Nunca el tiempo es perdido<\/em> (2001), <em>Para que no se duerman mis sentidos<\/em> (2004) y <em>Saldremos a la lluvia<\/em> (2008). Todos han sido n\u00ba1 y multiplatino en Espa\u00f1a, a lo que hay que a\u00f1adir lo conseguido con discos como <em>Los singles de Arena en los bolsillos<\/em> (1999), <em>Los singles de Nunca el tiempo es perdido<\/em> (2002) y <em>Singles, directos y sirocos<\/em> (2005). Con las canciones de estos discos en la mochila, Manolo Garc\u00eda realiz\u00f3 en 2007 su primera gira por Latinoam\u00e9rica desde que comenz\u00f3 su carrera en 1980. Actu\u00f3 en M\u00e9xico, Per\u00fa, Argentina y Chile, coincidiendo con la publicaci\u00f3n en estos pa\u00edses del \u00e1lbum <em>Para que no se duerman mis sentidos<\/em>.<\/p>\n<p>Artista pluridisciplinar, Manolo Garc\u00eda ha publicado libros de pintura y fotograf\u00eda como <em>De arrebatadora vida<\/em> (1992) y <em>Vacaciones de m\u00ed mismo<\/em> (2004). Coincidiendo con el lanzamiento de <em>Saldremos a la lluvia<\/em>, Manolo Garc\u00eda realiz\u00f3 tres exposiciones de su obra gr\u00e1fica y se puso detr\u00e1s de la c\u00e1mara para dirigir el videoclip de su canci\u00f3n <em>Sabr\u00e1s que andar es un sencillo vaiv\u00e9n<\/em>, a\u00f1adiendo esta faceta art\u00edstica a la de compositor, cantante, escritor, pintor y fot\u00f3grafo.<\/p>\n<p>La carrera de Manolo Garc\u00eda (Barcelona, 1955) comenz\u00f3 en 1980 con el grupo <em>Los R\u00e1pidos<\/em>. Dos a\u00f1os m\u00e1s tarde conoci\u00f3 a Quimi Portet y cre\u00f3 <em>Los Burros<\/em>, manteni\u00e9ndose en un circuito del rock alternativo. En 1984, el d\u00fao se transformaba en <em>El \u00daltimo de la Fila<\/em>, banda liderada por Manolo Garc\u00eda y Quimi Portet que durante 14 a\u00f1os y siete \u00e1lbumes cre\u00f3 las bases de una nueva manera de entender la m\u00fasica, indiscutiblemente espa\u00f1ola, utilizando los canales comerciales sin rendirse ante ellos y manteniendo una actitud honesta y cr\u00edtica que todav\u00eda hoy es un ejemplo que dignifica la m\u00fasica cantada en espa\u00f1ol. Tras la disoluci\u00f3n amistosa de <em>El \u00daltimo de la Fila<\/em> en 1998, Manolo Garc\u00eda comenz\u00f3 su carrera en solitario alejada de los focos fatuos, respetuoso con su tiempo y siempre en defensa de la independencia, el rigor y la creatividad. Palabras mayores de la m\u00fasica espa\u00f1ola.<\/p>\n<div class=\"gallery\" id=\"gallery-bio3\">\n<div class=\"gallery-item\"><a href=\"\/images\/mg\/bio\/MG - Bio - 3.jpg\"><img loading=\"lazy\" decoding=\"async\" class=\"aligncenter size-full\" alt=\"MG - Bio - 3\" src=\"\/images\/mg\/bio\/MG - Bio - 3.jpg\" width=\"500\" height=\"200\" \/><\/a><\/div>\n<div class=\"gallery-item\"><\/div>\n<div class=\"gallery-item\"><\/div>\n<\/div>\n<p><center><\/center><center><\/center><center><strong><span style=\"text-decoration: underline;\">Apuntes para un dec\u00e1logo que ayuda a entender al Manolo Garc\u00eda de 2011<\/span><\/strong><\/center><center>Por DIEGO A. MANRIQUE &#8211;\u00a0Octubre de 2011<\/center><\/p>\n<p style=\"text-align: left;\">1. \u201cYo no tengo a\u00f1os, tengo curiosidad. Necesito variar los m\u00fasicos para no dormirme. Si trabajas siempre con la misma gente, puede que termines aburriendo. Si cambias y te diviertes en el proceso, quiz\u00e1 puedas divertir al p\u00fablico.\u201d<\/p>\n<p>2. \u201cCon Internet, ya no hay excusa para la rutina. Unos minutos de consulta y te enteras de cual ser\u00eda el estudio de Casablanca o Bamako que mejor te servir\u00eda para determinadas canciones. Luego es desembarcar y conectar con alguien que te busque los mejores m\u00fasicos locales.\u201d<\/p>\n<p style=\"text-align: left;\">3. \u201cLa de m\u00fasico es una profesi\u00f3n privilegiada. Vas a Los \u00c1ngeles y te aceptan en una comunidad de instrumentistas excepcionales. Te juntas con ellos durante los d\u00edas laborables y los fines de semana, cuando ellos tienen bolos, t\u00fa te dedicas a ver museos o lo que sea\u201d.<\/p>\n<p style=\"text-align: left;\">4. \u201cNo soy mit\u00f3mano. No voy al Ocean Way para presumir de que trabajo en el mismo estudio que usaron los Rolling. Lo elige Waddy y yo contento. Luego, si escuchas con atenci\u00f3n los discos que te gustan, sabes que mezcladores sacan el sonido que t\u00fa necesitas.\u201d<\/p>\n<p style=\"text-align: left;\">5. \u201cEl problema no suele ser el plagio de otro artista. Lo m\u00e1s habitual es copiarte a ti mismo. Si detecto algo as\u00ed, la nueva canci\u00f3n va directa a la basura. \u201d<\/p>\n<p style=\"text-align: left;\">6. \u201cYo soy el capit\u00e1n de la nave. Si los m\u00fasicos aportan ideas, se valoran y, en algunos casos, se aceptan. Aunque finalmente, es mi disco y mis peculiaridades se respetan. No soy nada timorato en el estudio. Puedo meter la gamba hasta el cuello pero asumo ese riesgo\u201d.<\/p>\n<p style=\"text-align: left;\">7. \u201cLa historia, eso es lo principal. Para no mutilar la letra, mis canciones pueden tener un ritmo raro o una estructura at\u00edpica. Alg\u00fan bromista me llamaba el Frank Zappa del Poble Nou\u201d.<\/p>\n<p style=\"text-align: left;\">8. \u201cNo puedes obsesionarte por los cambios en la industria musical. Puede fastidiarte m\u00e1s o menos que te roben las canciones, que las conviertan en bakalao, putadas varias. T\u00fa has cumplido haciendo tu disco y a partir de ah\u00ed lo dejas en manos de los que saben del asunto.\u201d<\/p>\n<p style=\"text-align: left;\">9. \u201cSoy muy austero. Desconf\u00edo de la publicidad que intenta convencerte de que tu vida cojea si no has visto un atardecer en tal isla del Pac\u00edfico, si no te has comprado un reloj suizo de tirada limitada. \u00a1Si lo mejor es no saber en qu\u00e9 hora vives!\u201d<\/p>\n<p style=\"text-align: left;\">10. \u201cHay que ser amable con los dem\u00e1s. Igual parece lo contrario a la tr\u00edada del rock, el \u201csexo, drogas y rock \u2018n\u2019 roll\u201d, que tambi\u00e9n considero un programa plenamente reivindicable en estos tiempos de prohibiciones y control social. No voy de San Manol\u00edn pero conviene pensar en los dem\u00e1s, sean conocidos o desconocidos.\u201d<\/p>\n<div class=\"gallery\" id=\"gallery-bio4\">\n<div class=\"gallery-item\"><a href=\"\/images\/mg\/bio\/MG - Bio - 2.jpg\"><img loading=\"lazy\" decoding=\"async\" class=\"aligncenter\" alt=\"MG - Bio - 2\" src=\"\/images\/mg\/bio\/MG - Bio - 2.jpg\" width=\"540\" height=\"369\" \/><\/a><\/div>\n<div class=\"gallery-item\"><\/div>\n<div class=\"gallery-item\"><\/div>\n<div class=\"gallery-item\">\n<p style=\"text-align: center;\">\n<p style=\"text-align: center;\"><span style=\"text-decoration: underline;\"><strong><span style=\"font-size: 1.17em;\">MANOLO GARCIA: El chico del Poblenou<\/span><\/strong><\/span><\/p>\n<p style=\"text-align: center;\"><strong><\/strong>De Toni Oliv\u00e9 en Blog M\u00fasics del PoPlenou:\u00a0<a href=\"http:\/\/musicsdel-poplenou.blogspot.com.es\" target=\"_new\" rel=\"noopener\">http:\/\/musicsdel-poplenou.blogspot.com.es<\/a><\/p>\n<p style=\"text-align: center;\"><img loading=\"lazy\" decoding=\"async\" class=\"aligncenter\" alt=\"\" src=\"http:\/\/1.bp.blogspot.com\/-BSaiMacC--s\/URUvnvU_4FI\/AAAAAAAABE4\/9xyL1Hhx2_k\/s640\/manolo+garcia+i+Quimi+Portet.jpg\" width=\"567\" height=\"376\" \/>Quimi Portet y Manolo Garcia en el Palau \/\/ (Foto. Xavier Mercad\u00e9 Sim\u00f3) http:\/\/www.rockviu.cat\/<\/p>\n<p>El pasado 31 de enero\u00a0<b>Quimi Portet<\/b>, durante su actuaci\u00f3n en el Palau, invit\u00f3 a subir al escenario a su amigo\u00a0<b>Manolo Garcia<\/b>\u00a0present\u00e1ndolo como:<\/p>\n<p style=\"text-align: center;\"><img loading=\"lazy\" decoding=\"async\" class=\"aligncenter\" alt=\"\" src=\"http:\/\/3.bp.blogspot.com\/-cRbXbqS9_0Y\/URUvr-12eWI\/AAAAAAAABFA\/sV9sPJSC5t4\/s640\/manolo+garcia+i+Quimi+Portet+03+El+periodcio.jpg\" width=\"640\" height=\"308\" \/>QUIMI PORTET, Palau de la M\u00fasica (Barcelona), 31 de gener de 2013 (El Periodico)<\/p>\n<p><center><strong>\u00ab<i>un chico del Poblenou, el otro guapo de El \u00daltimo de la Fila&#8230; \u00a1Manolo Garc\u00eda!<\/i>\u00ab<\/strong><\/center><\/p>\n<p style=\"text-align: center;\"><img loading=\"lazy\" decoding=\"async\" class=\"aligncenter\" alt=\"\" src=\"http:\/\/3.bp.blogspot.com\/-QCDTI308YYA\/URUvsU8tq_I\/AAAAAAAABFI\/uQ_tikAzhj8\/s640\/manolo+garcia+i+Quimi+Portet+02.jpg\" width=\"567\" height=\"376\" \/>QUIMI PORTET, Palau de la M\u00fasica (Barcelona), 31 de gener de 2013 (http:\/\/www.rockviu.cat\/)<\/p>\n<p>Hac\u00eda cerca de 18 a\u00f1os que no compart\u00edan escenario. Si el Poblesec tienen a su chico. Los del Poblenou tambi\u00e9n tenemos a nuestro \u00abchico\u00bb y se nos llena la boca cuando decimos nuestro \u00abchico\u00bb, el del Poblenou es m\u00e1s rockero&#8230; Pero miremos hacia atr\u00e1s y hagamos un poco de historia i dejemos que la imagen de los dos rockeros m\u00e1s importantes de nuestro pais, Quimi y el Garcia, se desvanezca creando el tan socorrido \u00abflashback\u00bb que hemos visto mil veces en las peliculas y empecemos desde el principio, que es por donde se suele empezar mejor.<br \/>\n<img loading=\"lazy\" decoding=\"async\" class=\"alignleft\" alt=\"\" src=\"http:\/\/3.bp.blogspot.com\/-WWJ6JQXFbVw\/URZ5pjhyhEI\/AAAAAAAABLg\/Cb3NUFY6PO4\/s320\/5882+El+Rancho+Grande+2003.jpg\" width=\"320\" height=\"213\" \/><strong>Manolo Garc\u00eda<\/strong>\u00a0naci\u00f3 en 1955 en el Poblenou cerca del sub-barrio conocido como\u00a0<i>Rancho Grande<\/i>, debido a un restaurante del mismo nombre y que hace pocos a\u00f1os que ya no existe debido a la @22 (arrobar 22) y la especulaci\u00f3n que ha sufrido \u00faltimamente el Poblenou. Su primer actuaci\u00f3n fue en el Centre Moral y Cultural del Poblenou a la tierna edad de 8 a\u00f1itos, debutando en la Coral. Manolo recuerda que se desmay\u00f3 de la intensidad de su entrega art\u00edstica, tambi\u00e9n recuerda que hizo de angelito en los Pastorets.<\/p>\n<p>&nbsp;<\/p>\n<p>&nbsp;<\/p>\n<p><img loading=\"lazy\" decoding=\"async\" class=\"alignright\" alt=\"\" src=\"http:\/\/1.bp.blogspot.com\/-p_liVKv-AbE\/URZ5phDkcII\/AAAAAAAABLc\/eF2YL8bgTWI\/s320\/5883+El+Rancho+Grande+2003.jpg\" width=\"320\" height=\"213\" \/>Rancho Grande al Poblenou (Foto: A.H.P.N.)<\/p>\n<p><i>\u00abLa primera vez que sub\u00ed a un escenario tendr\u00eda 8 a\u00f1os, en un Centro Moral y Cultural de mi barrio de Barcelona, Poblenou. All\u00ed me desmay\u00e9 directamente. Cuando cant\u00e9 ya en el instituto, ten\u00eda 13 a\u00f1os pero a\u00fan estaba muy nervioso&#8230; Las rodillas me chocaban, clak, clak, clak&#8230; Luego vi a Raphael en una peli que se llamaba \u00abDigan lo que digan\u00bb y pens\u00e9: \u00abQuiero ser como este se\u00f1or cuando sea mayor\u00bb<\/i>.\u00a0<i>Manolo Garc\u00eda<\/i><\/p>\n<p>&nbsp;<\/p>\n<p>&nbsp;<\/p>\n<p><img loading=\"lazy\" decoding=\"async\" class=\"aligncenter\" alt=\"\" src=\"http:\/\/3.bp.blogspot.com\/-pBZlm6tadpY\/URVOvQW2OzI\/AAAAAAAABGo\/kDnMpafgLDc\/s640\/manolo+garcia+materia+gris+600+ppp++671.jpg\" width=\"640\" height=\"578\" \/><br \/>\n<img loading=\"lazy\" decoding=\"async\" class=\"aligncenter\" alt=\"\" src=\"http:\/\/1.bp.blogspot.com\/-JVH1vlT4Onk\/URVOwJooj5I\/AAAAAAAABG4\/ZBcY7AKCRUg\/s640\/manolo+garcia+materia+gris+600+ppp++673.jpg\" width=\"640\" height=\"460\" \/><br \/>\nDespu\u00e9s de estos desafortunados comienzos art\u00edsticos hacemos un salto hasta medidados de los setenta cu\u00e1ndo forma parte de\u00a0<b>Materia Gris<\/b>\u00a0tocando la bateria. Durante cuatro a\u00f1os toca por toda Catalu\u00f1a en fiestas mayores y BBC (<b>B<\/b>odas,\u00a0<b>B<\/b>autizos y\u00a0<b>C<\/b>omuniones) finalemnte cambiando el nombre por Sat\u00e1n, nombre dificil de &#8216;casar&#8217;, ciertamente, a la hora de hacer BBC&#8217;s. El siguiente grupo\u00a0<b>Silma y su Conjunto<\/b>. No es dificil intuir que la tal Silma era la cantante. En este grupo Manolo comenz\u00f3 a cantar en los descansos de la cantante titular.<\/p>\n<p><img loading=\"lazy\" decoding=\"async\" class=\"aligncenter\" alt=\"\" src=\"http:\/\/4.bp.blogspot.com\/-unV9dleuUaU\/URVOvBHf4nI\/AAAAAAAABGk\/l8w4wfXCr6A\/s640\/manolo+garcia+materia+gris+600+ppp++672.jpg\" width=\"640\" height=\"406\" \/><\/p>\n<p>Pero no es hasta\u00a0<b><i>Los R\u00e1pidos<\/i><\/b>\u00a0cuando Manolo ya es el cantante oficial, pero antes de hacer sus canciones\u00a0<i>Los R\u00e1pidos<\/i>\u00a0hacen un grupo de acompa\u00f1amiento en la grabaci\u00f3n del LP\u00a0<i>Tengo una idea<\/i>\u00a0(1980<i><\/i>) de\u00a0<b>Sergio Makaroff<\/b>.<\/p>\n<p><img loading=\"lazy\" decoding=\"async\" class=\"aligncenter\" alt=\"\" src=\"http:\/\/1.bp.blogspot.com\/-cSGH0U8-WGM\/URZMIYHtJFI\/AAAAAAAABII\/5UNgcGvWqug\/s400\/tengo+una+idea+sergio+makaroff.jpg\" width=\"392\" height=\"400\" \/><br \/>\n<b>LOS RAPIDOS.\u00a0<\/b>Eran Manolo Garc\u00eda (voz), Esteban Mart\u00edn Hirschfeld (teclados), Antonio Fidel (bajo), Josep Llu\u00eds P\u00e9rez (guitarra) y Llu\u00eds Visiers (bater\u00eda).<\/p>\n<p style=\"text-align: center;\"><img loading=\"lazy\" decoding=\"async\" class=\"aligncenter\" alt=\"\" src=\"http:\/\/4.bp.blogspot.com\/-oa5qyDv733Y\/URZNM1nrmkI\/AAAAAAAABIU\/DcmGofwX2-s\/s640\/LOS+RAPIDOS+EN+MAGIC.jpg\" width=\"600\" height=\"398\" \/>LOS RAPIDOS en M\u00e0gic<\/p>\n<p style=\"text-align: center;\"><img loading=\"lazy\" decoding=\"async\" class=\"aligncenter\" alt=\"\" src=\"http:\/\/1.bp.blogspot.com\/-KIuEN-aQosY\/URZNOiVeMCI\/AAAAAAAABIs\/RwlN9zPo_5g\/s640\/LOS+RAPIDOS+a345.jpg\" width=\"405\" height=\"640\" \/>En su local de ensayo del Poblenou<\/p>\n<p style=\"text-align: center;\"><img loading=\"lazy\" decoding=\"async\" class=\"aligncenter\" alt=\"\" src=\"http:\/\/1.bp.blogspot.com\/-EtXM8_mJtKA\/URVOn8iYSPI\/AAAAAAAABGQ\/vg1rECoZl64\/s640\/los+rapidos.jpg\" width=\"446\" height=\"448\" \/>\u00danico LP de LOS RAPIDOS<\/p>\n<p><i>Los R\u00e1pidos<\/i>\u00a0consiguen grabar un LP para EMI y aunque tienen mucho exito tanto en las actuaciones como entre la cr\u00edtica especializada, a duras penas venden 2000 copias de su primer y \u00fanico disco. Cosa que lo convierto, con el paso de los a\u00f1os, en una preciada pieza de coleccionista.<\/p>\n<p style=\"text-align: center;\"><img loading=\"lazy\" decoding=\"async\" class=\"aligncenter\" alt=\"\" src=\"http:\/\/1.bp.blogspot.com\/-VhgkxEkPEd4\/URVOzBl8EfI\/AAAAAAAABHM\/ZmyQPyN0AU8\/s640\/040+Casino+1981+-+Melodrama.jpg\" width=\"444\" height=\"640\" \/>Actuaci\u00f3n en el Casino L&#8217;Alian\u00e7a del Poblenou. Todos los grupos eran del Poblenou.<\/p>\n<p>Como tambi\u00e9n es una rareza las grabaciones del siguiente grupo de Manolo Garc\u00eda; \u00a0<b>LOS BURROS<\/b>, ara con la incorporaci\u00f3n de un elemento fundamental; Quimi Portet.<\/p>\n<p><img loading=\"lazy\" decoding=\"async\" class=\"aligncenter\" alt=\"\" src=\"http:\/\/3.bp.blogspot.com\/-W-JQH-5blvI\/URVOxT22U1I\/AAAAAAAABG8\/xRTcMYe6rlA\/s400\/burros.03.jpeg\" width=\"400\" height=\"398\" \/><br \/>\n<img loading=\"lazy\" decoding=\"async\" class=\"aligncenter\" alt=\"\" src=\"http:\/\/3.bp.blogspot.com\/-Boz46UJeUcw\/URZNNx4QETI\/AAAAAAAABIg\/s9kGBUeN63Y\/s320\/burros.0.jpg\" width=\"320\" height=\"319\" \/><\/p>\n<p>Con\u00a0<i><b>Los Burros<\/b><\/i>\u00a0graban un par de discos:\u00a0<i>Rebuznos de amor<\/i>\u00a0y\u00a0<i>Jamon de burro<\/i>. Los Burros tambi\u00e9n estaban muy bien considerados, pero no es hasta que Manolo y Quimi vuelven a disolver el grupo y se inventan a\u00a0<i><b>El \u00faltimo de la fila\u00a0<\/b><\/i>\u00a0hasta que no empieza su carrera mete\u00f3rica.<\/p>\n<p><img loading=\"lazy\" decoding=\"async\" alt=\"\" src=\"http:\/\/4.bp.blogspot.com\/-bzB1m0_llSg\/URZO1RG6BPI\/AAAAAAAABJw\/zGvj0UQwnVc\/s400\/coleccion+el+ultimo+CD.jpg\" width=\"400\" height=\"400\" \/>Toda la discograf\u00eda de EL \u00daLTIMO DE LA FILA, o casi toda<\/p>\n<p>Y ahora s\u00ed. Aciertan de lleno y el exito les sonrie, y a partir de aqu\u00ed la historia que ya conoce todo el mundo, o deber\u00eda conocer.\u00a0<b>El\u00a0\u00faltimo de la fila<\/b>\u00a0se convierte en todo un fenomeno de masas y sin bajar la calidad de su propuesta musical y adem\u00e1s haciendo m\u00e1s o menos lo que hab\u00edan hecho siempre. Entonces \u00bfque es lo que ha cambiado? \u00bfPor qu\u00e9 los discos de\u00a0<b>El \u00faltimo de la fila<\/b>\u00a0se venden como churros y los anteriores de\u00a0<b>Los Rapidos<\/b>\u00a0y\u00a0<b>Los burros<\/b>\u00a0pasaron sin pena ni gloria? Ah, misterios insondables que nunca descubriremos.<br \/>\nSus discos\u00a0<i><a href=\"http:\/\/es.wikipedia.org\/wiki\/Cuando_la_pobreza_entra_por_la_puerta,_el_amor_salta_por_la_ventana\">Cuando la pobreza entra por la puerta, el amor salta por la ventana<\/a>\u00a0<\/i>(1985),\u00a0<i><a href=\"http:\/\/es.wikipedia.org\/wiki\/Enemigos_de_lo_ajeno\">Enemigos de lo ajeno<\/a>\u00a0<\/i>(1986),\u00a0<i><a href=\"http:\/\/es.wikipedia.org\/wiki\/Como_la_cabeza_al_sombrero\">Como la cabeza al sombrero<\/a>\u00a0<\/i>(1988,<i><a href=\"http:\/\/es.wikipedia.org\/wiki\/Nuevo_peque%C3%B1o_cat%C3%A1logo_de_seres_y_estares\">Nuevo peque\u00f1o cat\u00e1logo de seres y estares<\/a><\/i>\u00a0(1990),\u00a0<i><a href=\"http:\/\/es.wikipedia.org\/wiki\/Astronom%C3%ADa_razonable\">Astronom\u00eda razonable<\/a>\u00a0<\/i>(1993) i finalment\u00a0<i><a href=\"http:\/\/es.wikipedia.org\/wiki\/Astronom%C3%ADa_razonable\">Astronom\u00eda razonable<\/a><\/i>\u00a01995 ya son historia del Rock y el Pop tanto en toda Espanya como en Sudam\u00e8rica.<\/p>\n<p>A partir de aqu\u00ed Manolo Garc\u00eda contin\u00faa como solista con el mismo exito, continuando con las actuaciones multitudinarias y grabaciones super-ventas con\u00a0<i><a title=\"Arena en los bolsillos (\u00e1lbum)\" href=\"http:\/\/es.wikipedia.org\/wiki\/Arena_en_los_bolsillos_%28%C3%A1lbum%29\">Arena en los bolsillos<\/a><\/i>\u00a0(1998),\u00a0<i><a href=\"http:\/\/es.wikipedia.org\/wiki\/Nunca_el_tiempo_es_perdido\">Nunca el tiempo es perdido<\/a><\/i>\u00a0(2001),\u00a0<i><a href=\"http:\/\/es.wikipedia.org\/wiki\/Para_que_no_se_duerman_mis_sentidos\">Para que no se duerman mis sentidos<\/a><\/i>\u00a0(2004),\u00a0<i><a href=\"http:\/\/es.wikipedia.org\/wiki\/Saldremos_a_la_lluvia\">Saldremos a la lluvia<\/a><\/i>\u00a0(2008) i<i>\u00a0Los dias intactos\u00a0(2011)<\/i><\/p>\n<p>Y bien,\u00a0podr\u00edamos\u00a0continuar con Manolo\u00a0Garc\u00eda\u00a0 por que seguramente todav\u00eda nos ofrecer\u00e1 mas muestras de su talento, pero dej\u00e9moslo aqu\u00ed. Para saber m\u00e1s, pod\u00e9is pasar por su estupenda y complet\u00edsima web:<\/p>\n<p><center><a href=\"http:\/\/www.manolo-garcia.com\/home\" target=\"_new\" rel=\"noopener\">http:\/\/www.manolo-garcia.com\/home<\/a><\/center><\/p>\n<h3>MANOLO GARCIA: DISE\u00d1ADOR, PINTOR, DIBUJANTE Y FOTOGRAFO<\/h3>\n<p>Para terminar quisiera a\u00f1adir que Manolo tambi\u00e9n ha sido dise\u00f1ador gr\u00e1fico y pintor. Ha hecho portadas de discos e incluso en una \u00e9poca muy lejana pintaba cuadros horribles para casas de muebles. Ha hecho varias exposiciones de sus pinturas y dibujos y tambi\u00e9n fotograf\u00edas que ha ido haciendo durante sus giras interminables.<\/p>\n<p style=\"text-align: center;\"><img loading=\"lazy\" decoding=\"async\" alt=\"\" src=\"http:\/\/1.bp.blogspot.com\/-sLmPYjLAL5I\/URaazodJhuI\/AAAAAAAABMg\/qck5NVo37gk\/s400\/y1pVfL3bJcp1c8ebxqntaA3RUTjR0UOiH5wQWKuB0Te2TMzqwenqjNwzS754UWC0jVl.jpg\" width=\"400\" height=\"400\" \/><\/p>\n<p style=\"text-align: center;\">Portada de single de Loquillo dise\u00f1ada por Manolo Garcia<\/p>\n<p style=\"text-align: center;\"><img loading=\"lazy\" decoding=\"async\" class=\"aligncenter\" alt=\"\" src=\"http:\/\/4.bp.blogspot.com\/-G13plwdKrqk\/URaazvHJA8I\/AAAAAAAABMk\/jfBzw2eiC4A\/s400\/de_arrebatadora_vida_1.jpg\" width=\"400\" height=\"365\" \/><em id=\"__mceDel\">Exposici\u00f3n de sus dibujos<\/em><\/p>\n<p>Fuente: PoPlenou &#8211;\u00a0<a href=\"http:\/\/musicsdel-poplenou.blogspot.com.es\/2013\/02\/manolo-garcia-el-noi-del-poblenou.html\" target=\"_new\" rel=\"noopener\">Enlace a art\u00edculo original<\/a>\u00a0(en Catal\u00e0)<\/p>\n<\/div>\n<\/div>\n<hr \/>\n<p>Fuente: P\u00e1gina Oficial Sony BMG de Manolo Garc\u00eda &#8211; Varios<\/p>\n<hr \/>\n<\/div>\n","protected":false},"excerpt":{"rendered":"<p>Manolo Garc\u00eda es un artista que refleja las mejores cualidades de la m\u00fasica espa\u00f1ola. Desde que comenz\u00f3 su carrera hace 30 a\u00f1os en bandas alternativas, la defensa de una ra\u00edz hispana junto al compromiso y la altura po\u00e9tica de sus textos marcan una trayectoria libre y alejada de lo convencional, a pesar de la enorme<a class=\"moretag\" href=\"https:\/\/www.manologarciaycia.com\/?page_id=816\" title=\"BIOgraf\u00eda de Manolo Garc\u00eda\" target=\"_self\" rel=\"follow\"> <font face=arial size=2>[Leer m\u00e1s]<\/font> <\/a><\/p>\n","protected":false},"author":2,"featured_media":0,"parent":0,"menu_order":2,"comment_status":"closed","ping_status":"closed","template":"","meta":{"footnotes":""},"class_list":["post-816","page","type-page","status-publish","hentry"],"_links":{"self":[{"href":"https:\/\/www.manologarciaycia.com\/index.php?rest_route=\/wp\/v2\/pages\/816","targetHints":{"allow":["GET"]}}],"collection":[{"href":"https:\/\/www.manologarciaycia.com\/index.php?rest_route=\/wp\/v2\/pages"}],"about":[{"href":"https:\/\/www.manologarciaycia.com\/index.php?rest_route=\/wp\/v2\/types\/page"}],"author":[{"embeddable":true,"href":"https:\/\/www.manologarciaycia.com\/index.php?rest_route=\/wp\/v2\/users\/2"}],"replies":[{"embeddable":true,"href":"https:\/\/www.manologarciaycia.com\/index.php?rest_route=%2Fwp%2Fv2%2Fcomments&post=816"}],"version-history":[{"count":40,"href":"https:\/\/www.manologarciaycia.com\/index.php?rest_route=\/wp\/v2\/pages\/816\/revisions"}],"predecessor-version":[{"id":22517,"href":"https:\/\/www.manologarciaycia.com\/index.php?rest_route=\/wp\/v2\/pages\/816\/revisions\/22517"}],"wp:attachment":[{"href":"https:\/\/www.manologarciaycia.com\/index.php?rest_route=%2Fwp%2Fv2%2Fmedia&parent=816"}],"curies":[{"name":"wp","href":"https:\/\/api.w.org\/{rel}","templated":true}]}}