{"id":4934,"date":"2013-01-22T15:04:06","date_gmt":"2013-01-22T14:04:06","guid":{"rendered":"http:\/\/www.manologarciaycia.com\/?page_id=4934"},"modified":"2020-04-16T12:49:32","modified_gmt":"2020-04-16T10:49:32","slug":"prueba-3","status":"publish","type":"page","link":"https:\/\/www.manologarciaycia.com\/?page_id=4934","title":{"rendered":"Acerca de&#8230;"},"content":{"rendered":"<p><span style=\"text-decoration: underline;\"><strong>Manolo Garc\u00eda y Compa\u00f1\u00eda<\/strong><\/span>: p\u00e1gina no oficial, homenaje a Los R\u00e1pidos, Los Burros, El Ultimo de la Fila, Manolo Garc\u00eda, Quimi Portet, Carmen Garc\u00eda, Ricardo Mar\u00edn, etc.<\/p>\n<p><a href=\"https:\/\/www.manologarciaycia.com\/\"><img loading=\"lazy\" decoding=\"async\" class=\"aligncenter wp-image-11203 size-full\" src=\"https:\/\/www.manologarciaycia.com\/wp-content\/uploads\/2014\/12\/banner_vertical_2_nuevo.jpg\" alt=\"\" width=\"400\" height=\"72\" \/><\/a><\/p>\n<p><center>\u00a0\u00a0<a href=\"https:\/\/www.facebook.com\/ManoloGarcia.y.companyia\"><img loading=\"lazy\" decoding=\"async\" class=\"alignnone wp-image-13349\" src=\"http:\/\/www.manologarciaycia.com\/wp-content\/uploads\/2013\/01\/facebook_petaos_sept2015.png\" alt=\"facebook_petaos_sept2015\" width=\"246\" height=\"121\" \/><\/a> <a href=\"https:\/\/twitter.com\/manologarcia_c\" target=\"_new\" rel=\"noopener noreferrer\"><img loading=\"lazy\" decoding=\"async\" class=\"wp-image-13350\" src=\"http:\/\/www.manologarciaycia.com\/wp-content\/uploads\/2013\/01\/twitter_petaos_sept2015.png\" alt=\"twitter_petaos_sept2015\" width=\"258\" height=\"85\" \/><\/a><\/center><center><a href=\"https:\/\/www.manologarciaycia.com\/wp-content\/uploads\/2020\/04\/instmgyc.png\"><img loading=\"lazy\" decoding=\"async\" class=\"aligncenter size-full wp-image-20596\" src=\"https:\/\/www.manologarciaycia.com\/wp-content\/uploads\/2020\/04\/instmgyc.png\" alt=\"\" width=\"195\" height=\"203\" \/><\/a><\/center><center><\/center><br \/>\nP\u00e1gina no oficial (aunque oficiosa) humilde homenaje a Los Rapidos, Los Burros, El Ultimo de la Fila, Manolo Garcia, Quimi Portet, Carmen, etc. El Universo de Manolo Garc\u00eda y Compa\u00f1\u00eda. Sin ning\u00fan \u00e1nimo de lucro y de forma totalmente desinteresada.<\/p>\n<p>Para el disfrute de todos los seguidores, poniendo a su alcance toda la informaci\u00f3n posible al respecto.<\/p>\n<p>Mencionando y agradeciendo siempre la fuente origen de cualquier noticia o aporte.<\/p>\n<p>Agradecimientos a todas las webs no oficiales, foros y lugares dedicados al artista,<\/p>\n<p>P\u00e1ginas, Facebook y dem\u00e1s, oficiales (cualquier otra no es oficial)<\/p>\n<p><strong>PerroRecords:<\/strong><br \/>\nhttp:\/\/perrorecords.com\/ (web oficial)<br \/>\nhttps:\/\/www.facebook.com\/pages\/Perro-Records\/138966309491647 (Facebook oficial)<br \/>\nNo tiene Twitter oficial<\/p>\n<p><strong>Manolo Garc\u00eda:<\/strong><br \/>\nhttp:\/\/www.manolo-garcia.com\/ (web oficial Sony)<br \/>\nhttp:\/\/www.manologarcia-pinturasyobragrafica.com\/ (web oficial de Pinturas y Obra Grafica)<br \/>\nhttp:\/\/www.youtube.com\/user\/manologarciaVEVO\/videos (Youtube Oficial SONY VEVO)<br \/>\nNo tiene Facebook oficial, ni Twitter oficial<\/p>\n<p><strong>Quimi Portet:<\/strong><br \/>\nhttp:\/\/www.quimiportet.com\/ (web oficial)<br \/>\nhttps:\/\/www.facebook.com\/quimiportetoficial (Facebook oficial)<br \/>\nNo tiene Twitter oficial<\/p>\n<p><strong>Carmen Garc\u00eda:<\/strong><br \/>\nhttp:\/\/www.carmengarcia.net\/ (web oficial en proceso de cambio de nombre, imagen, etc.)<br \/>\nhttps:\/\/www.facebook.com\/pages\/Carmen-Garc\u00eda-m\u00fasico\/352173114977966 (nuevo Facebook oficial)<br \/>\nNo tiene Twitter oficial<\/p>\n<p>Tanto Los R\u00e1pidos, como Los Burros, como El \u00daltimo de la Fila no tienen web oficial, ni Facebook oficial, ni Twitter oficial.<\/p>\n<p>Copyright \u00a9 1998 \u2013 Petaos.net \u2013 Xavi V. admin@petaos.net<\/p>\n","protected":false},"excerpt":{"rendered":"<p>Manolo Garc\u00eda y Compa\u00f1\u00eda: p\u00e1gina no oficial, homenaje a Los R\u00e1pidos, Los Burros, El Ultimo de la Fila, Manolo Garc\u00eda, Quimi Portet, Carmen Garc\u00eda, Ricardo Mar\u00edn, etc. \u00a0\u00a0 P\u00e1gina no oficial (aunque oficiosa) humilde homenaje a Los Rapidos, Los Burros, El Ultimo de la Fila, Manolo Garcia, Quimi Portet, Carmen, etc. El Universo de Manolo<a class=\"moretag\" href=\"https:\/\/www.manologarciaycia.com\/?page_id=4934\" title=\"Acerca de&#8230;\" target=\"_self\" rel=\"follow\"> <font face=arial size=2>[Leer m\u00e1s]<\/font> <\/a><\/p>\n","protected":false},"author":2,"featured_media":0,"parent":0,"menu_order":0,"comment_status":"closed","ping_status":"closed","template":"","meta":{"footnotes":""},"class_list":["post-4934","page","type-page","status-publish","hentry"],"_links":{"self":[{"href":"https:\/\/www.manologarciaycia.com\/index.php?rest_route=\/wp\/v2\/pages\/4934","targetHints":{"allow":["GET"]}}],"collection":[{"href":"https:\/\/www.manologarciaycia.com\/index.php?rest_route=\/wp\/v2\/pages"}],"about":[{"href":"https:\/\/www.manologarciaycia.com\/index.php?rest_route=\/wp\/v2\/types\/page"}],"author":[{"embeddable":true,"href":"https:\/\/www.manologarciaycia.com\/index.php?rest_route=\/wp\/v2\/users\/2"}],"replies":[{"embeddable":true,"href":"https:\/\/www.manologarciaycia.com\/index.php?rest_route=%2Fwp%2Fv2%2Fcomments&post=4934"}],"version-history":[{"count":282,"href":"https:\/\/www.manologarciaycia.com\/index.php?rest_route=\/wp\/v2\/pages\/4934\/revisions"}],"predecessor-version":[{"id":20601,"href":"https:\/\/www.manologarciaycia.com\/index.php?rest_route=\/wp\/v2\/pages\/4934\/revisions\/20601"}],"wp:attachment":[{"href":"https:\/\/www.manologarciaycia.com\/index.php?rest_route=%2Fwp%2Fv2%2Fmedia&parent=4934"}],"curies":[{"name":"wp","href":"https:\/\/api.w.org\/{rel}","templated":true}]}}